{"id":476,"date":"2024-05-05T21:56:33","date_gmt":"2024-05-05T20:56:33","guid":{"rendered":"https:\/\/powherinitiative.com\/samarbetspartners\/"},"modified":"2024-06-17T09:19:14","modified_gmt":"2024-06-17T08:19:14","slug":"samarbetspartners","status":"publish","type":"page","link":"https:\/\/powherinitiative.com\/no\/samarbetspartners\/","title":{"rendered":"Samarbeidspartnere"},"content":{"rendered":"\t\t<div data-elementor-type=\"wp-page\" data-elementor-id=\"476\" class=\"elementor elementor-476 elementor-172\">\n\t\t\t\t\t\t<section class=\"elementor-section elementor-top-section elementor-element elementor-element-79a9f16 elementor-section-full_width elementor-section-height-min-height elementor-section-stretched elementor-section-items-bottom elementor-section-content-bottom introblock elementor-section-height-default exad-glass-effect-no exad-sticky-section-no\" data-id=\"79a9f16\" data-element_type=\"section\" data-settings=\"{&quot;stretch_section&quot;:&quot;section-stretched&quot;,&quot;background_background&quot;:&quot;classic&quot;}\">\n\t\t\t\t\t\t<div class=\"elementor-container elementor-column-gap-default\">\n\t\t\t\t\t<div class=\"elementor-column elementor-col-100 elementor-top-column elementor-element elementor-element-cc42d4b exad-glass-effect-no exad-sticky-section-no\" data-id=\"cc42d4b\" data-element_type=\"column\">\n\t\t\t<div class=\"elementor-widget-wrap elementor-element-populated\">\n\t\t\t\t\t\t<section class=\"elementor-section elementor-inner-section elementor-element elementor-element-9ec7df5 elementor-section-height-full elementor-section-content-bottom elementor-section-boxed elementor-section-height-default exad-glass-effect-no exad-sticky-section-no\" data-id=\"9ec7df5\" data-element_type=\"section\">\n\t\t\t\t\t\t<div class=\"elementor-container elementor-column-gap-no\">\n\t\t\t\t\t<div class=\"elementor-column elementor-col-100 elementor-inner-column elementor-element elementor-element-99d691c exad-glass-effect-no exad-sticky-section-no\" data-id=\"99d691c\" data-element_type=\"column\">\n\t\t\t<div class=\"elementor-widget-wrap elementor-element-populated\">\n\t\t\t\t\t\t<div class=\"elementor-element elementor-element-974f277 elementor-widget__width-auto exad-sticky-section-no exad-glass-effect-no elementor-widget elementor-widget-heading\" data-id=\"974f277\" data-element_type=\"widget\" data-widget_type=\"heading.default\">\n\t\t\t\t<div class=\"elementor-widget-container\">\n\t\t\t<h1 class=\"elementor-heading-title elementor-size-default\">SAMARBEIDSPARTNERE<\/h1>\t\t<\/div>\n\t\t\t\t<\/div>\n\t\t\t\t\t<\/div>\n\t\t<\/div>\n\t\t\t\t\t<\/div>\n\t\t<\/section>\n\t\t\t\t\t<\/div>\n\t\t<\/div>\n\t\t\t\t\t<\/div>\n\t\t<\/section>\n\t\t\t\t<section class=\"elementor-section elementor-top-section elementor-element elementor-element-4d42c0d elementor-section-boxed elementor-section-height-default elementor-section-height-default exad-glass-effect-no exad-sticky-section-no\" data-id=\"4d42c0d\" data-element_type=\"section\">\n\t\t\t\t\t\t<div class=\"elementor-container elementor-column-gap-default\">\n\t\t\t\t\t<div class=\"elementor-column elementor-col-100 elementor-top-column elementor-element elementor-element-b15b4d7 exad-glass-effect-no exad-sticky-section-no\" data-id=\"b15b4d7\" data-element_type=\"column\">\n\t\t\t<div class=\"elementor-widget-wrap elementor-element-populated\">\n\t\t\t\t\t\t<div class=\"elementor-element elementor-element-a12fa3f exad-sticky-section-no exad-glass-effect-no elementor-widget elementor-widget-heading\" data-id=\"a12fa3f\" data-element_type=\"widget\" data-widget_type=\"heading.default\">\n\t\t\t\t<div class=\"elementor-widget-container\">\n\t\t\t<h2 class=\"elementor-heading-title elementor-size-default\">SAMARBEIDSPARTNERE til Powher<\/h2>\t\t<\/div>\n\t\t\t\t<\/div>\n\t\t\t\t<div class=\"elementor-element elementor-element-b30f484 exad-sticky-section-no exad-glass-effect-no elementor-widget elementor-widget-image\" data-id=\"b30f484\" data-element_type=\"widget\" data-widget_type=\"image.default\">\n\t\t\t\t<div class=\"elementor-widget-container\">\n\t\t\t\t\t\t\t\t\t\t\t\t\t\t<a href=\"https:\/\/www.stadium.se\/\" target=\"_blank\">\n\t\t\t\t\t\t\t<img decoding=\"async\" src=\"https:\/\/powherinitiative.com\/wp-content\/uploads\/elementor\/thumbs\/stadium-logo-1-qnungcm7058ib1iul95t8wd7q1ohlrdx0vt8rop02s.png\" title=\"stadium-logo.png\" alt=\"stadium-logo.png\" loading=\"lazy\" \/>\t\t\t\t\t\t\t\t<\/a>\n\t\t\t\t\t\t\t\t\t\t\t\t\t<\/div>\n\t\t\t\t<\/div>\n\t\t\t\t<div class=\"elementor-element elementor-element-08d183c exad-sticky-section-no exad-glass-effect-no elementor-widget elementor-widget-text-editor\" data-id=\"08d183c\" data-element_type=\"widget\" data-widget_type=\"text-editor.default\">\n\t\t\t\t<div class=\"elementor-widget-container\">\n\t\t\t\t\t\t\t<p class=\"p1\">Stadium Group best\u00e5r av konseptene Stadium og Stadium Outlet, som til sammen har rundt 180 fysiske butikker og hver en e-handel. Sammen utgj\u00f8r de Sveriges st\u00f8rste sports- og sportsmotekjede.<\/p>\t\t\t\t\t\t<\/div>\n\t\t\t\t<\/div>\n\t\t\t\t<div class=\"elementor-element elementor-element-fcd4f53 exad-sticky-section-no exad-glass-effect-no elementor-widget elementor-widget-image\" data-id=\"fcd4f53\" data-element_type=\"widget\" data-widget_type=\"image.default\">\n\t\t\t\t<div class=\"elementor-widget-container\">\n\t\t\t\t\t\t\t\t\t\t\t\t\t\t<a href=\"https:\/\/www.coop.se\/\" target=\"_blank\">\n\t\t\t\t\t\t\t<img decoding=\"async\" src=\"https:\/\/powherinitiative.com\/wp-content\/uploads\/elementor\/thumbs\/Coop_logo_Sweden_green-1-qnungcm7058ib1iul95t8wd7q1ohlrdx0vt8rop08w.png\" title=\"Coop_logo_Sweden_green.png\" alt=\"Coop_logo_Sweden_green.png\" loading=\"lazy\" \/>\t\t\t\t\t\t\t\t<\/a>\n\t\t\t\t\t\t\t\t\t\t\t\t\t<\/div>\n\t\t\t\t<\/div>\n\t\t\t\t<div class=\"elementor-element elementor-element-ed2d29b exad-sticky-section-no exad-glass-effect-no elementor-widget elementor-widget-text-editor\" data-id=\"ed2d29b\" data-element_type=\"widget\" data-widget_type=\"text-editor.default\">\n\t\t\t\t<div class=\"elementor-widget-container\">\n\t\t\t\t\t\t\t<p class=\"p1\">Coop er en av Sveriges st\u00f8rste matvarekjeder. Bedriften har rundt 800 butikker fra Kiruna i nord til Smygehamn i s\u00f8r og en nettbutikk hvor du kan engroshandel uten at det koster mer. Butikkene eies av v\u00e5re 3,8 millioner medlemmer.<\/p>\t\t\t\t\t\t<\/div>\n\t\t\t\t<\/div>\n\t\t\t\t<div class=\"elementor-element elementor-element-2e6859c exad-sticky-section-no exad-glass-effect-no elementor-widget elementor-widget-image\" data-id=\"2e6859c\" data-element_type=\"widget\" data-widget_type=\"image.default\">\n\t\t\t\t<div class=\"elementor-widget-container\">\n\t\t\t\t\t\t\t\t\t\t\t\t\t\t<a href=\"https:\/\/www.synnove.no\/\" target=\"_blank\">\n\t\t\t\t\t\t\t<img decoding=\"async\" src=\"https:\/\/powherinitiative.com\/wp-content\/uploads\/2024\/05\/synnove-logo.svg\" title=\"synnove-logo\" alt=\"synnove-logo\" loading=\"lazy\" \/>\t\t\t\t\t\t\t\t<\/a>\n\t\t\t\t\t\t\t\t\t\t\t\t\t<\/div>\n\t\t\t\t<\/div>\n\t\t\t\t<div class=\"elementor-element elementor-element-df2b2f6 exad-sticky-section-no exad-glass-effect-no elementor-widget elementor-widget-text-editor\" data-id=\"df2b2f6\" data-element_type=\"widget\" data-widget_type=\"text-editor.default\">\n\t\t\t\t<div class=\"elementor-widget-container\">\n\t\t\t\t\t\t\t<p>Synn\u00f8ve Finden er et norsk meieriselskap som produserer ost, sm\u00f8r og juice med g\u00e5rder i Alvdal og Namsos.<\/p>\t\t\t\t\t\t<\/div>\n\t\t\t\t<\/div>\n\t\t\t\t<div class=\"elementor-element elementor-element-6579fa9 exad-sticky-section-no exad-glass-effect-no elementor-widget elementor-widget-image\" data-id=\"6579fa9\" data-element_type=\"widget\" data-widget_type=\"image.default\">\n\t\t\t\t<div class=\"elementor-widget-container\">\n\t\t\t\t\t\t\t\t\t\t\t\t\t\t<a href=\"https:\/\/www.isp-sport.se\/\" target=\"_blank\">\n\t\t\t\t\t\t\t<img decoding=\"async\" src=\"https:\/\/powherinitiative.com\/wp-content\/uploads\/elementor\/thumbs\/Care-logo-1-qnungdk16z9smnhhfrkfte4obfjutghnd0gq8ynnci.png\" title=\"Care-logo.png\" alt=\"Care-logo.png\" loading=\"lazy\" \/>\t\t\t\t\t\t\t\t<\/a>\n\t\t\t\t\t\t\t\t\t\t\t\t\t<\/div>\n\t\t\t\t<\/div>\n\t\t\t\t<div class=\"elementor-element elementor-element-2bc9f35 exad-sticky-section-no exad-glass-effect-no elementor-widget elementor-widget-text-editor\" data-id=\"2bc9f35\" data-element_type=\"widget\" data-widget_type=\"text-editor.default\">\n\t\t\t\t<div class=\"elementor-widget-container\">\n\t\t\t\t\t\t\t<p class=\"p1\">Care by Therese Johaug tilbyr pleiende, sk\u00e5nsomme og effektive hudpleieprodukter utviklet i samarbeid med Therese Johaug.<\/p>\t\t\t\t\t\t<\/div>\n\t\t\t\t<\/div>\n\t\t\t\t<div class=\"elementor-element elementor-element-4660706 exad-sticky-section-no exad-glass-effect-no elementor-widget elementor-widget-image\" data-id=\"4660706\" data-element_type=\"widget\" data-widget_type=\"image.default\">\n\t\t\t\t<div class=\"elementor-widget-container\">\n\t\t\t\t\t\t\t\t\t\t\t\t\t\t<a href=\"https:\/\/www.teameksjohus.se\/\" target=\"_blank\">\n\t\t\t\t\t\t\t<img decoding=\"async\" src=\"https:\/\/powherinitiative.com\/wp-content\/uploads\/elementor\/thumbs\/teameksjohus-1-qnungdk16z9smnhhfrkfte4obfjutghnd0gq8ynm9w.png\" title=\"teameksjohus.png\" alt=\"teameksjohus.png\" loading=\"lazy\" \/>\t\t\t\t\t\t\t\t<\/a>\n\t\t\t\t\t\t\t\t\t\t\t\t\t<\/div>\n\t\t\t\t<\/div>\n\t\t\t\t<div class=\"elementor-element elementor-element-73dcb0a exad-sticky-section-no exad-glass-effect-no elementor-widget elementor-widget-text-editor\" data-id=\"73dcb0a\" data-element_type=\"widget\" data-widget_type=\"text-editor.default\">\n\t\t\t\t<div class=\"elementor-widget-container\">\n\t\t\t\t\t\t\t<p class=\"p1\">Team Eksj\u00f6hus ble stiftet i forkant av sesongen 2021\/2022 og er i dag verdens beste langdistanselag, noe m\u00e5let er at de skal fortsette \u00e5 v\u00e6re. Laget ledes av lagleder Espen Tr\u00e4ldal og tidligere OL- og verdenscupl\u00f8per Marthe Kristoffersen.<\/p>\t\t\t\t\t\t<\/div>\n\t\t\t\t<\/div>\n\t\t\t\t<div class=\"elementor-element elementor-element-474ef6e exad-sticky-section-no exad-glass-effect-no elementor-widget elementor-widget-image\" data-id=\"474ef6e\" data-element_type=\"widget\" data-widget_type=\"image.default\">\n\t\t\t\t<div class=\"elementor-widget-container\">\n\t\t\t\t\t\t\t\t\t\t\t\t\t\t<a href=\"https:\/\/www.isp-sport.se\/\" target=\"_blank\">\n\t\t\t\t\t\t\t<img decoding=\"async\" src=\"https:\/\/powherinitiative.com\/wp-content\/uploads\/elementor\/thumbs\/ISP_payoff_SVART-qnv8rb1ffn53gvh63rx2qcz0y9g86y5dsypvljirme.png\" title=\"ISP_payoff_SVART\" alt=\"ISP_payoff_SVART\" loading=\"lazy\" \/>\t\t\t\t\t\t\t\t<\/a>\n\t\t\t\t\t\t\t\t\t\t\t\t\t<\/div>\n\t\t\t\t<\/div>\n\t\t\t\t<div class=\"elementor-element elementor-element-868383e exad-sticky-section-no exad-glass-effect-no elementor-widget elementor-widget-text-editor\" data-id=\"868383e\" data-element_type=\"widget\" data-widget_type=\"text-editor.default\">\n\t\t\t\t<div class=\"elementor-widget-container\">\n\t\t\t\t\t\t\t<p class=\"p1\">ISP opererer i den blandede sonen mellom n\u00e6ringsliv og sport, hvor vi s\u00f8rger for at begge parter blir vinnere.<\/p>\t\t\t\t\t\t<\/div>\n\t\t\t\t<\/div>\n\t\t\t\t<div class=\"elementor-element elementor-element-bc6532f exad-sticky-section-no exad-glass-effect-no elementor-widget elementor-widget-image\" data-id=\"bc6532f\" data-element_type=\"widget\" data-widget_type=\"image.default\">\n\t\t\t\t<div class=\"elementor-widget-container\">\n\t\t\t\t\t\t\t\t\t\t\t\t\t\t<a href=\"https:\/\/www.isp-sport.se\/\" target=\"_blank\">\n\t\t\t\t\t\t\t<img decoding=\"async\" src=\"https:\/\/powherinitiative.com\/wp-content\/uploads\/elementor\/thumbs\/Scandic.svg-qps8zpr9vpd7thwvnfcfseixwohocmm2yafvlx736e.png\" title=\"Scandic.svg\" alt=\"Scandic.svg\" loading=\"lazy\" \/>\t\t\t\t\t\t\t\t<\/a>\n\t\t\t\t\t\t\t\t\t\t\t\t\t<\/div>\n\t\t\t\t<\/div>\n\t\t\t\t<div class=\"elementor-element elementor-element-da6eb46 exad-sticky-section-no exad-glass-effect-no elementor-widget elementor-widget-text-editor\" data-id=\"da6eb46\" data-element_type=\"widget\" data-widget_type=\"text-editor.default\">\n\t\t\t\t<div class=\"elementor-widget-container\">\n\t\t\t\t\t\t\t<p class=\"p1\">Scandic er den st\u00f8rste hotelloperat\u00f8ren i Norden med et nettverk p\u00e5 rundt 280 hoteller i seks land, fordelt p\u00e5 rundt 58 000 hotellrom i drift og under utvikling. Vi har stort fokus p\u00e5 b\u00e6rekraft og 246 av v\u00e5re hoteller er svanemerket.<\/p>\t\t\t\t\t\t<\/div>\n\t\t\t\t<\/div>\n\t\t\t\t\t<\/div>\n\t\t<\/div>\n\t\t\t\t\t<\/div>\n\t\t<\/section>\n\t\t\t\t<section class=\"elementor-section elementor-top-section elementor-element elementor-element-323bd3c elementor-section-full_width elementor-section-height-min-height elementor-section-stretched elementor-section-height-default elementor-section-items-middle exad-glass-effect-no exad-sticky-section-no\" data-id=\"323bd3c\" data-element_type=\"section\" data-settings=\"{&quot;stretch_section&quot;:&quot;section-stretched&quot;,&quot;background_background&quot;:&quot;classic&quot;}\">\n\t\t\t\t\t\t<div class=\"elementor-container elementor-column-gap-no\">\n\t\t\t\t\t<div class=\"elementor-column elementor-col-100 elementor-top-column elementor-element elementor-element-8c7ef6b exad-glass-effect-no exad-sticky-section-no\" data-id=\"8c7ef6b\" data-element_type=\"column\">\n\t\t\t<div class=\"elementor-widget-wrap elementor-element-populated\">\n\t\t\t\t\t\t<section class=\"elementor-section elementor-inner-section elementor-element elementor-element-dc706af elementor-section-boxed elementor-section-height-default elementor-section-height-default exad-glass-effect-no exad-sticky-section-no\" data-id=\"dc706af\" data-element_type=\"section\">\n\t\t\t\t\t\t<div class=\"elementor-container elementor-column-gap-default\">\n\t\t\t\t\t<div class=\"elementor-column elementor-col-100 elementor-inner-column elementor-element elementor-element-aae4341 exad-glass-effect-no exad-sticky-section-no\" data-id=\"aae4341\" data-element_type=\"column\">\n\t\t\t<div class=\"elementor-widget-wrap elementor-element-populated\">\n\t\t\t\t\t\t<div class=\"elementor-element elementor-element-dee796a bigtext exad-sticky-section-no exad-glass-effect-no elementor-widget elementor-widget-text-editor\" data-id=\"dee796a\" data-element_type=\"widget\" data-widget_type=\"text-editor.default\">\n\t\t\t\t<div class=\"elementor-widget-container\">\n\t\t\t\t\t\t\t<p class=\"p1\">Vi \u00f8nsker \u00e5 skape bedre forutsetninger for at kvinner kan drive eliteidrett p\u00e5 <strong>like vilk\u00e5r.<\/strong><\/p>\t\t\t\t\t\t<\/div>\n\t\t\t\t<\/div>\n\t\t\t\t\t<\/div>\n\t\t<\/div>\n\t\t\t\t\t<\/div>\n\t\t<\/section>\n\t\t\t\t\t<\/div>\n\t\t<\/div>\n\t\t\t\t\t<\/div>\n\t\t<\/section>\n\t\t\t\t<\/div>\n\t\t","protected":false},"excerpt":{"rendered":"<p>SAMARBEIDSPARTNERE SAMARBEIDSPARTNERE til Powher Stadium Group best\u00e5r av konseptene Stadium og Stadium Outlet, som til sammen har rundt 180 fysiske butikker og hver en e-handel. Sammen utgj\u00f8r de Sveriges st\u00f8rste sports- og sportsmotekjede. Coop er en av Sveriges st\u00f8rste matvarekjeder. Bedriften har rundt 800 butikker fra Kiruna i nord til Smygehamn i s\u00f8r og en [&#8230;]<\/p>\n<p><a class=\"btn btn-secondary understrap-read-more-link\" href=\"https:\/\/powherinitiative.com\/no\/samarbetspartners\/\">Les mer&#8230;<span class=\"screen-reader-text\"> from Samarbeidspartnere<\/span><\/a><\/p>\n","protected":false},"author":7,"featured_media":0,"parent":0,"menu_order":0,"comment_status":"closed","ping_status":"open","template":"","meta":{"_acf_changed":false,"inline_featured_image":false,"footnotes":""},"class_list":["post-476","page","type-page","status-publish","hentry"],"acf":[],"_links":{"self":[{"href":"https:\/\/powherinitiative.com\/no\/wp-json\/wp\/v2\/pages\/476","targetHints":{"allow":["GET"]}}],"collection":[{"href":"https:\/\/powherinitiative.com\/no\/wp-json\/wp\/v2\/pages"}],"about":[{"href":"https:\/\/powherinitiative.com\/no\/wp-json\/wp\/v2\/types\/page"}],"author":[{"embeddable":true,"href":"https:\/\/powherinitiative.com\/no\/wp-json\/wp\/v2\/users\/7"}],"replies":[{"embeddable":true,"href":"https:\/\/powherinitiative.com\/no\/wp-json\/wp\/v2\/comments?post=476"}],"version-history":[{"count":8,"href":"https:\/\/powherinitiative.com\/no\/wp-json\/wp\/v2\/pages\/476\/revisions"}],"predecessor-version":[{"id":783,"href":"https:\/\/powherinitiative.com\/no\/wp-json\/wp\/v2\/pages\/476\/revisions\/783"}],"wp:attachment":[{"href":"https:\/\/powherinitiative.com\/no\/wp-json\/wp\/v2\/media?parent=476"}],"curies":[{"name":"wp","href":"https:\/\/api.w.org\/{rel}","templated":true}]}}