{"id":469,"date":"2024-04-18T22:56:58","date_gmt":"2024-04-18T21:56:58","guid":{"rendered":"https:\/\/powherinitiative.com\/om-oss\/"},"modified":"2024-06-04T08:08:42","modified_gmt":"2024-06-04T07:08:42","slug":"om-oss","status":"publish","type":"page","link":"https:\/\/powherinitiative.com\/no\/om-oss\/","title":{"rendered":"Om oss"},"content":{"rendered":"\t\t<div data-elementor-type=\"wp-page\" data-elementor-id=\"469\" class=\"elementor elementor-469 elementor-33\">\n\t\t\t\t\t\t<section class=\"elementor-section elementor-top-section elementor-element elementor-element-79a9f16 elementor-section-full_width elementor-section-height-min-height elementor-section-stretched elementor-section-items-bottom elementor-section-content-bottom introblock elementor-section-height-default exad-glass-effect-no exad-sticky-section-no\" data-id=\"79a9f16\" data-element_type=\"section\" data-settings=\"{&quot;stretch_section&quot;:&quot;section-stretched&quot;,&quot;background_background&quot;:&quot;classic&quot;}\">\n\t\t\t\t\t\t<div class=\"elementor-container elementor-column-gap-default\">\n\t\t\t\t\t<div class=\"elementor-column elementor-col-100 elementor-top-column elementor-element elementor-element-cc42d4b exad-glass-effect-no exad-sticky-section-no\" data-id=\"cc42d4b\" data-element_type=\"column\">\n\t\t\t<div class=\"elementor-widget-wrap elementor-element-populated\">\n\t\t\t\t\t\t<section class=\"elementor-section elementor-inner-section elementor-element elementor-element-9ec7df5 elementor-section-height-full elementor-section-content-bottom elementor-section-boxed elementor-section-height-default exad-glass-effect-no exad-sticky-section-no\" data-id=\"9ec7df5\" data-element_type=\"section\">\n\t\t\t\t\t\t<div class=\"elementor-container elementor-column-gap-no\">\n\t\t\t\t\t<div class=\"elementor-column elementor-col-100 elementor-inner-column elementor-element elementor-element-99d691c exad-glass-effect-no exad-sticky-section-no\" data-id=\"99d691c\" data-element_type=\"column\">\n\t\t\t<div class=\"elementor-widget-wrap elementor-element-populated\">\n\t\t\t\t\t\t<div class=\"elementor-element elementor-element-974f277 elementor-widget__width-auto exad-sticky-section-no exad-glass-effect-no elementor-widget elementor-widget-heading\" data-id=\"974f277\" data-element_type=\"widget\" data-widget_type=\"heading.default\">\n\t\t\t\t<div class=\"elementor-widget-container\">\n\t\t\t<h1 class=\"elementor-heading-title elementor-size-default\">OM OSS<\/h1>\t\t<\/div>\n\t\t\t\t<\/div>\n\t\t\t\t\t<\/div>\n\t\t<\/div>\n\t\t\t\t\t<\/div>\n\t\t<\/section>\n\t\t\t\t\t<\/div>\n\t\t<\/div>\n\t\t\t\t\t<\/div>\n\t\t<\/section>\n\t\t\t\t<section class=\"elementor-section elementor-top-section elementor-element elementor-element-4d42c0d elementor-section-boxed elementor-section-height-default elementor-section-height-default exad-glass-effect-no exad-sticky-section-no\" data-id=\"4d42c0d\" data-element_type=\"section\">\n\t\t\t\t\t\t<div class=\"elementor-container elementor-column-gap-default\">\n\t\t\t\t\t<div class=\"elementor-column elementor-col-100 elementor-top-column elementor-element elementor-element-b15b4d7 exad-glass-effect-no exad-sticky-section-no\" data-id=\"b15b4d7\" data-element_type=\"column\">\n\t\t\t<div class=\"elementor-widget-wrap elementor-element-populated\">\n\t\t\t\t\t\t<div class=\"elementor-element elementor-element-c13a4e6 exad-sticky-section-no exad-glass-effect-no elementor-widget elementor-widget-text-editor\" data-id=\"c13a4e6\" data-element_type=\"widget\" data-widget_type=\"text-editor.default\">\n\t\t\t\t<div class=\"elementor-widget-container\">\n\t\t\t\t\t\t\t<h4 class=\"p1\"><strong>Initiativet startet med langrenn <\/strong><br \/><strong>&#8211; en av de mest likestilte idrettene.<\/strong><br \/><strong>Men det er fortsatt mye \u00e5 gj\u00f8re.<\/strong><\/h4><p class=\"p1\">Ambisjonen og m\u00e5let er \u00e5 fremme likestilling i alle typer idretter, og legge forholdene til rette for at kvinner kan drive eliteidrett p\u00e5 like vilk\u00e5r.<\/p><p class=\"p1\">POWHER begynte \u00e5 legge forholdene til rette for b\u00e5de ungjenter og fremtidige kvinnelige ledere innen ski. Gjennom POWHER \u00f8nsker vi \u00e5 skape flere kvinnelige forbilder for ungjentene, skape st\u00f8rre forst\u00e5else, gi dem trygghet i idrettsmilj\u00f8et og samarbeide med eksterne akt\u00f8rer innen forskning og utvikling.<\/p><p class=\"p1\">Ved \u00e5 invitere til foredrag, treningsdager, treningskurs og samarbeide med b\u00e5de toppen og bredden blant jentene p\u00e5 ungdomssiden, h\u00e5per POWHER at mange flere vil fortsette \u00e5 drive med idrett senere i livet.<\/p><p class=\"p1\">Prosjektet drives av en av verdens beste skil\u00f8pere gjennom tidene, Therese Johaug, sammen med Team Eksj\u00f6hus-trener Marthe Kristoffersen og Guro Str\u00f8m Solli og Anna Haag.<\/p>\t\t\t\t\t\t<\/div>\n\t\t\t\t<\/div>\n\t\t\t\t\t<\/div>\n\t\t<\/div>\n\t\t\t\t\t<\/div>\n\t\t<\/section>\n\t\t\t\t<section class=\"elementor-section elementor-top-section elementor-element elementor-element-323bd3c elementor-section-full_width elementor-section-height-min-height elementor-section-stretched elementor-section-height-default elementor-section-items-middle exad-glass-effect-no exad-sticky-section-no\" data-id=\"323bd3c\" data-element_type=\"section\" data-settings=\"{&quot;stretch_section&quot;:&quot;section-stretched&quot;,&quot;background_background&quot;:&quot;classic&quot;}\">\n\t\t\t\t\t\t<div class=\"elementor-container elementor-column-gap-no\">\n\t\t\t\t\t<div class=\"elementor-column elementor-col-100 elementor-top-column elementor-element elementor-element-8c7ef6b exad-glass-effect-no exad-sticky-section-no\" data-id=\"8c7ef6b\" data-element_type=\"column\">\n\t\t\t<div class=\"elementor-widget-wrap elementor-element-populated\">\n\t\t\t\t\t\t<section class=\"elementor-section elementor-inner-section elementor-element elementor-element-dc706af elementor-section-boxed elementor-section-height-default elementor-section-height-default exad-glass-effect-no exad-sticky-section-no\" data-id=\"dc706af\" data-element_type=\"section\">\n\t\t\t\t\t\t<div class=\"elementor-container elementor-column-gap-default\">\n\t\t\t\t\t<div class=\"elementor-column elementor-col-100 elementor-inner-column elementor-element elementor-element-aae4341 exad-glass-effect-no exad-sticky-section-no\" data-id=\"aae4341\" data-element_type=\"column\">\n\t\t\t<div class=\"elementor-widget-wrap elementor-element-populated\">\n\t\t\t\t\t\t<div class=\"elementor-element elementor-element-dee796a bigtext exad-sticky-section-no exad-glass-effect-no elementor-widget elementor-widget-text-editor\" data-id=\"dee796a\" data-element_type=\"widget\" data-widget_type=\"text-editor.default\">\n\t\t\t\t<div class=\"elementor-widget-container\">\n\t\t\t\t\t\t\t<p class=\"p1\">Vi \u00f8nsker \u00e5 skape bedre forutsetninger for at kvinner kan drive eliteidrett p\u00e5 <strong>like vilk\u00e5r.<\/strong><\/p>\t\t\t\t\t\t<\/div>\n\t\t\t\t<\/div>\n\t\t\t\t\t<\/div>\n\t\t<\/div>\n\t\t\t\t\t<\/div>\n\t\t<\/section>\n\t\t\t\t\t<\/div>\n\t\t<\/div>\n\t\t\t\t\t<\/div>\n\t\t<\/section>\n\t\t\t\t<\/div>\n\t\t","protected":false},"excerpt":{"rendered":"<p>OM OSS Initiativet startet med langrenn &#8211; en av de mest likestilte idrettene.Men det er fortsatt mye \u00e5 gj\u00f8re. Ambisjonen og m\u00e5let er \u00e5 fremme likestilling i alle typer idretter, og legge forholdene til rette for at kvinner kan drive eliteidrett p\u00e5 like vilk\u00e5r. POWHER begynte \u00e5 legge forholdene til rette for b\u00e5de ungjenter og [&#8230;]<\/p>\n<p><a class=\"btn btn-secondary understrap-read-more-link\" href=\"https:\/\/powherinitiative.com\/no\/om-oss\/\">Les mer&#8230;<span class=\"screen-reader-text\"> from Om oss<\/span><\/a><\/p>\n","protected":false},"author":7,"featured_media":0,"parent":0,"menu_order":0,"comment_status":"closed","ping_status":"open","template":"","meta":{"_acf_changed":false,"inline_featured_image":false,"footnotes":""},"class_list":["post-469","page","type-page","status-publish","hentry"],"acf":[],"_links":{"self":[{"href":"https:\/\/powherinitiative.com\/no\/wp-json\/wp\/v2\/pages\/469","targetHints":{"allow":["GET"]}}],"collection":[{"href":"https:\/\/powherinitiative.com\/no\/wp-json\/wp\/v2\/pages"}],"about":[{"href":"https:\/\/powherinitiative.com\/no\/wp-json\/wp\/v2\/types\/page"}],"author":[{"embeddable":true,"href":"https:\/\/powherinitiative.com\/no\/wp-json\/wp\/v2\/users\/7"}],"replies":[{"embeddable":true,"href":"https:\/\/powherinitiative.com\/no\/wp-json\/wp\/v2\/comments?post=469"}],"version-history":[{"count":9,"href":"https:\/\/powherinitiative.com\/no\/wp-json\/wp\/v2\/pages\/469\/revisions"}],"predecessor-version":[{"id":765,"href":"https:\/\/powherinitiative.com\/no\/wp-json\/wp\/v2\/pages\/469\/revisions\/765"}],"wp:attachment":[{"href":"https:\/\/powherinitiative.com\/no\/wp-json\/wp\/v2\/media?parent=469"}],"curies":[{"name":"wp","href":"https:\/\/api.w.org\/{rel}","templated":true}]}}