{"id":466,"date":"2024-05-05T13:04:32","date_gmt":"2024-05-05T12:04:32","guid":{"rendered":"https:\/\/powherinitiative.com\/nyheter\/"},"modified":"2024-05-09T09:31:45","modified_gmt":"2024-05-09T08:31:45","slug":"nyheter","status":"publish","type":"page","link":"https:\/\/powherinitiative.com\/no\/nyheter\/","title":{"rendered":"Nyheter"},"content":{"rendered":"\t\t<div data-elementor-type=\"wp-page\" data-elementor-id=\"466\" class=\"elementor elementor-466 elementor-106\">\n\t\t\t\t\t\t<section class=\"elementor-section elementor-top-section elementor-element elementor-element-79a9f16 elementor-section-full_width elementor-section-height-min-height elementor-section-stretched elementor-section-items-bottom elementor-section-content-bottom introblock elementor-section-height-default exad-glass-effect-no exad-sticky-section-no\" data-id=\"79a9f16\" data-element_type=\"section\" data-settings=\"{&quot;stretch_section&quot;:&quot;section-stretched&quot;,&quot;background_background&quot;:&quot;classic&quot;}\">\n\t\t\t\t\t\t<div class=\"elementor-container elementor-column-gap-default\">\n\t\t\t\t\t<div class=\"elementor-column elementor-col-100 elementor-top-column elementor-element elementor-element-cc42d4b exad-glass-effect-no exad-sticky-section-no\" data-id=\"cc42d4b\" data-element_type=\"column\">\n\t\t\t<div class=\"elementor-widget-wrap elementor-element-populated\">\n\t\t\t\t\t\t<section class=\"elementor-section elementor-inner-section elementor-element elementor-element-9ec7df5 elementor-section-height-full elementor-section-content-bottom elementor-section-boxed elementor-section-height-default exad-glass-effect-no exad-sticky-section-no\" data-id=\"9ec7df5\" data-element_type=\"section\">\n\t\t\t\t\t\t<div class=\"elementor-container elementor-column-gap-no\">\n\t\t\t\t\t<div class=\"elementor-column elementor-col-100 elementor-inner-column elementor-element elementor-element-99d691c exad-glass-effect-no exad-sticky-section-no\" data-id=\"99d691c\" data-element_type=\"column\">\n\t\t\t<div class=\"elementor-widget-wrap elementor-element-populated\">\n\t\t\t\t\t\t<div class=\"elementor-element elementor-element-974f277 elementor-widget__width-auto exad-sticky-section-no exad-glass-effect-no elementor-widget elementor-widget-heading\" data-id=\"974f277\" data-element_type=\"widget\" data-widget_type=\"heading.default\">\n\t\t\t\t<div class=\"elementor-widget-container\">\n\t\t\t<h1 class=\"elementor-heading-title elementor-size-default\">NYHETER<\/h1>\t\t<\/div>\n\t\t\t\t<\/div>\n\t\t\t\t\t<\/div>\n\t\t<\/div>\n\t\t\t\t\t<\/div>\n\t\t<\/section>\n\t\t\t\t\t<\/div>\n\t\t<\/div>\n\t\t\t\t\t<\/div>\n\t\t<\/section>\n\t\t\t\t<section class=\"elementor-section elementor-top-section elementor-element elementor-element-4d42c0d elementor-section-boxed elementor-section-height-default elementor-section-height-default exad-glass-effect-no exad-sticky-section-no\" data-id=\"4d42c0d\" data-element_type=\"section\">\n\t\t\t\t\t\t<div class=\"elementor-container elementor-column-gap-default\">\n\t\t\t\t\t<div class=\"elementor-column elementor-col-100 elementor-top-column elementor-element elementor-element-b15b4d7 exad-glass-effect-no exad-sticky-section-no\" data-id=\"b15b4d7\" data-element_type=\"column\">\n\t\t\t<div class=\"elementor-widget-wrap elementor-element-populated\">\n\t\t\t\t\t\t<div class=\"elementor-element elementor-element-9aed6eb exad-sticky-section-no exad-glass-effect-no elementor-widget elementor-widget-exad-post-grid\" data-id=\"9aed6eb\" data-element_type=\"widget\" data-widget_type=\"exad-post-grid.default\">\n\t\t\t\t<div class=\"elementor-widget-container\">\n\t\t\t\t\t\r\n\r\n\t\t<div class=\"exad-post-grid\">\r\n\t\t\t<div class=\"exad-row-wrapper\">\r\n\t\t\t\t\r\n<article class=\"exad-post-grid-three exad-col  \">\r\n    <div class=\"exad-post-grid-container image-position-top exad-post-grid-equal-height-yes\">\r\n                    <figure class=\"exad-post-grid-thumbnail\">\r\n                <a href=\"https:\/\/powherinitiative.com\/no\/powher-startar-podcast\/\">\r\n                    <img fetchpriority=\"high\" decoding=\"async\" width=\"600\" height=\"400\" src=\"https:\/\/powherinitiative.com\/wp-content\/uploads\/2024\/09\/5izezcco.png\" class=\"attachment-thumbnail size-thumbnail wp-post-image\" alt=\"\" \/>                <\/a>\r\n                \r\n                            <\/figure>\r\n        \r\n        <div class=\"exad-post-grid-body\">\r\n                                <ul class=\"exad-post-data show-avatar-no\">\r\n                                                                            <li class=\"exad-post-date\">\r\n                                <span>\r\n                                                                        <a href=\"https:\/\/powherinitiative.com\/no\/powher-startar-podcast\/\" class=\"exad-post-grid-author-date\">2024-09-10<\/a>\r\n                                <\/span>                          \r\n                            <\/li> \r\n                           \r\n                    <\/ul>\r\n                \t\t\t\t\r\n\t\t\t\t\t\t\t\r\n                    <h3>\r\n\t\t\t\t\t\r\n\t\t\t\t\t\t\t\t\r\n                        <a href=\"https:\/\/powherinitiative.com\/no\/powher-startar-podcast\/\" class=\"exad-post-grid-title\">PowHer starter en podcast<\/a>\r\n\t\t\t\t\t\t\r\n\t\t\t\t\t\t\r\n                    <\/h3>\r\n\t\t\t\t\t\r\n\t\t\t\t\t\t\t\t\r\n                                <div class=\"exad-post-grid-description\">\r\n                    Ikke g\u00e5 glipp av PowHers podcast! Sammen med spesielt utvalgte gjester skal vi spre kunnskapen som finnes rundt temaer som unge kvinners utvikling, pubertet, kosthold,...                <\/div>\r\n            \r\n        <\/div>\r\n            <\/div>\r\n<\/article>\r\n\r\n<article class=\"exad-post-grid-three exad-col  \">\r\n    <div class=\"exad-post-grid-container image-position-top exad-post-grid-equal-height-yes\">\r\n                    <figure class=\"exad-post-grid-thumbnail\">\r\n                <a href=\"https:\/\/powherinitiative.com\/no\/malsetting-med-treningen-din\/\">\r\n                    <img decoding=\"async\" width=\"768\" height=\"521\" src=\"https:\/\/powherinitiative.com\/wp-content\/uploads\/2024\/06\/Bild1-768x521.jpg\" class=\"attachment-thumbnail size-thumbnail wp-post-image\" alt=\"\" \/>                <\/a>\r\n                \r\n                            <\/figure>\r\n        \r\n        <div class=\"exad-post-grid-body\">\r\n                                <ul class=\"exad-post-data show-avatar-no\">\r\n                                                                            <li class=\"exad-post-date\">\r\n                                <span>\r\n                                                                        <a href=\"https:\/\/powherinitiative.com\/no\/malsetting-med-treningen-din\/\" class=\"exad-post-grid-author-date\">2024-06-03<\/a>\r\n                                <\/span>                          \r\n                            <\/li> \r\n                           \r\n                    <\/ul>\r\n                \t\t\t\t\r\n\t\t\t\t\t\t\t\r\n                    <h3>\r\n\t\t\t\t\t\r\n\t\t\t\t\t\t\t\t\r\n                        <a href=\"https:\/\/powherinitiative.com\/no\/malsetting-med-treningen-din\/\" class=\"exad-post-grid-title\">M\u00e5lsetting med treningen din<\/a>\r\n\t\t\t\t\t\t\r\n\t\t\t\t\t\t\r\n                    <\/h3>\r\n\t\t\t\t\t\r\n\t\t\t\t\t\t\t\t\r\n                                <div class=\"exad-post-grid-description\">\r\n                    En del forskning sier at \u00e5 sette seg h\u00f8yere m\u00e5l f\u00f8rer til bedre prestasjon (Kyllo &amp;Landers, 1995). Mange snakker om det \u00e5 ha et m\u00e5l....                <\/div>\r\n            \r\n        <\/div>\r\n            <\/div>\r\n<\/article>\r\n\r\n<article class=\"exad-post-grid-three exad-col  \">\r\n    <div class=\"exad-post-grid-container image-position-top exad-post-grid-equal-height-yes\">\r\n                    <figure class=\"exad-post-grid-thumbnail\">\r\n                <a href=\"https:\/\/powherinitiative.com\/no\/vill-du-eller-ditt-foretag-bidra\/\">\r\n                    <img decoding=\"async\" width=\"768\" height=\"512\" src=\"https:\/\/powherinitiative.com\/wp-content\/uploads\/2024\/05\/johaug-768x512.png\" class=\"attachment-thumbnail size-thumbnail wp-post-image\" alt=\"\" \/>                <\/a>\r\n                \r\n                            <\/figure>\r\n        \r\n        <div class=\"exad-post-grid-body\">\r\n                                <ul class=\"exad-post-data show-avatar-no\">\r\n                                                                            <li class=\"exad-post-date\">\r\n                                <span>\r\n                                                                        <a href=\"https:\/\/powherinitiative.com\/no\/vill-du-eller-ditt-foretag-bidra\/\" class=\"exad-post-grid-author-date\">2024-05-25<\/a>\r\n                                <\/span>                          \r\n                            <\/li> \r\n                           \r\n                    <\/ul>\r\n                \t\t\t\t\r\n\t\t\t\t\t\t\t\r\n                    <h3>\r\n\t\t\t\t\t\r\n\t\t\t\t\t\t\t\t\r\n                        <a href=\"https:\/\/powherinitiative.com\/no\/vill-du-eller-ditt-foretag-bidra\/\" class=\"exad-post-grid-title\">\u00d8nsker du eller din bedrift \u00e5 bidra?<\/a>\r\n\t\t\t\t\t\t\r\n\t\t\t\t\t\t\r\n                    <\/h3>\r\n\t\t\t\t\t\r\n\t\t\t\t\t\t\t\t\r\n                                <div class=\"exad-post-grid-description\">\r\n                    F\u00f8ler du som oss at dette er viktige saker? Vil du v\u00e6re med og bidra? Med dine ferdigheter eller gj\u00f8re oss i stand til \u00e5...                <\/div>\r\n            \r\n        <\/div>\r\n            <\/div>\r\n<\/article>\r\n\r\n<article class=\"exad-post-grid-three exad-col  \">\r\n    <div class=\"exad-post-grid-container image-position-top exad-post-grid-equal-height-yes\">\r\n                    <figure class=\"exad-post-grid-thumbnail\">\r\n                <a href=\"https:\/\/powherinitiative.com\/no\/powher-initiative-ska\/\">\r\n                    <img loading=\"lazy\" decoding=\"async\" width=\"768\" height=\"512\" src=\"https:\/\/powherinitiative.com\/wp-content\/uploads\/2024\/05\/nyheter-4-768x512.png\" class=\"attachment-thumbnail size-thumbnail wp-post-image\" alt=\"\" \/>                <\/a>\r\n                \r\n                            <\/figure>\r\n        \r\n        <div class=\"exad-post-grid-body\">\r\n                                <ul class=\"exad-post-data show-avatar-no\">\r\n                                                                            <li class=\"exad-post-date\">\r\n                                <span>\r\n                                                                        <a href=\"https:\/\/powherinitiative.com\/no\/powher-initiative-ska\/\" class=\"exad-post-grid-author-date\">2024-05-08<\/a>\r\n                                <\/span>                          \r\n                            <\/li> \r\n                           \r\n                    <\/ul>\r\n                \t\t\t\t\r\n\t\t\t\t\t\t\t\r\n                    <h3>\r\n\t\t\t\t\t\r\n\t\t\t\t\t\t\t\t\r\n                        <a href=\"https:\/\/powherinitiative.com\/no\/powher-initiative-ska\/\" class=\"exad-post-grid-title\">POWHER Initiative skal<\/a>\r\n\t\t\t\t\t\t\r\n\t\t\t\t\t\t\r\n                    <\/h3>\r\n\t\t\t\t\t\r\n\t\t\t\t\t\t\t\t\r\n                                <div class=\"exad-post-grid-description\">\r\n                    Spre kunnskap om hvorfor kvinnelige idrettsut\u00f8vere avslutter sin idrettskarriere for tidlig. Demonstrere behov og fremheve utfordringer som kvinnelige idrettsut\u00f8vere m\u00f8ter i l\u00f8pet av karrieren. PowHer...                <\/div>\r\n            \r\n        <\/div>\r\n            <\/div>\r\n<\/article>\r\n\r\n<article class=\"exad-post-grid-three exad-col  \">\r\n    <div class=\"exad-post-grid-container image-position-top exad-post-grid-equal-height-yes\">\r\n                    <figure class=\"exad-post-grid-thumbnail\">\r\n                <a href=\"https:\/\/powherinitiative.com\/no\/powher-initiative-vision\/\">\r\n                    <img loading=\"lazy\" decoding=\"async\" width=\"768\" height=\"512\" src=\"https:\/\/powherinitiative.com\/wp-content\/uploads\/2024\/05\/nyheter-2-768x512.png\" class=\"attachment-thumbnail size-thumbnail wp-post-image\" alt=\"\" \/>                <\/a>\r\n                \r\n                            <\/figure>\r\n        \r\n        <div class=\"exad-post-grid-body\">\r\n                                <ul class=\"exad-post-data show-avatar-no\">\r\n                                                                            <li class=\"exad-post-date\">\r\n                                <span>\r\n                                                                        <a href=\"https:\/\/powherinitiative.com\/no\/powher-initiative-vision\/\" class=\"exad-post-grid-author-date\">2024-05-05<\/a>\r\n                                <\/span>                          \r\n                            <\/li> \r\n                           \r\n                    <\/ul>\r\n                \t\t\t\t\r\n\t\t\t\t\t\t\t\r\n                    <h3>\r\n\t\t\t\t\t\r\n\t\t\t\t\t\t\t\t\r\n                        <a href=\"https:\/\/powherinitiative.com\/no\/powher-initiative-vision\/\" class=\"exad-post-grid-title\">POWHER Initiative sin visjon<\/a>\r\n\t\t\t\t\t\t\r\n\t\t\t\t\t\t\r\n                    <\/h3>\r\n\t\t\t\t\t\r\n\t\t\t\t\t\t\t\t\r\n                                <div class=\"exad-post-grid-description\">\r\n                    Gi like vilk\u00e5r for jenter til \u00e5 drive idrett akkurat som gutter. F\u00e5 flere kvinnelige ledere. Trene klubb- og foreningsledere med seminarer og samtaler for...                <\/div>\r\n            \r\n        <\/div>\r\n            <\/div>\r\n<\/article>\r\n\r\n<article class=\"exad-post-grid-three exad-col  \">\r\n    <div class=\"exad-post-grid-container image-position-top exad-post-grid-equal-height-yes\">\r\n                    <figure class=\"exad-post-grid-thumbnail\">\r\n                <a href=\"https:\/\/powherinitiative.com\/no\/bakgrund-till-powher-initiative\/\">\r\n                    <img loading=\"lazy\" decoding=\"async\" width=\"768\" height=\"512\" src=\"https:\/\/powherinitiative.com\/wp-content\/uploads\/2024\/05\/nyheter-1-768x512.png\" class=\"attachment-thumbnail size-thumbnail wp-post-image\" alt=\"\" \/>                <\/a>\r\n                \r\n                            <\/figure>\r\n        \r\n        <div class=\"exad-post-grid-body\">\r\n                                <ul class=\"exad-post-data show-avatar-no\">\r\n                                                                            <li class=\"exad-post-date\">\r\n                                <span>\r\n                                                                        <a href=\"https:\/\/powherinitiative.com\/no\/bakgrund-till-powher-initiative\/\" class=\"exad-post-grid-author-date\">2024-05-05<\/a>\r\n                                <\/span>                          \r\n                            <\/li> \r\n                           \r\n                    <\/ul>\r\n                \t\t\t\t\r\n\t\t\t\t\t\t\t\r\n                    <h3>\r\n\t\t\t\t\t\r\n\t\t\t\t\t\t\t\t\r\n                        <a href=\"https:\/\/powherinitiative.com\/no\/bakgrund-till-powher-initiative\/\" class=\"exad-post-grid-title\">Bakgrunn for POWHER-initiativet<\/a>\r\n\t\t\t\t\t\t\r\n\t\t\t\t\t\t\r\n                    <\/h3>\r\n\t\t\t\t\t\r\n\t\t\t\t\t\t\t\t\r\n                                <div class=\"exad-post-grid-description\">\r\n                    Initiativet ble startet for \u00e5 legge forholdene til rette for b\u00e5de ungjenter og fremtidige kvinnelige ledere innen ski. Gjennom POWHER \u00f8nsker vi \u00e5 skape flere...                <\/div>\r\n            \r\n        <\/div>\r\n            <\/div>\r\n<\/article>\r\n    \r\n\t\t\t<\/div>\r\n\t\t\t<div class=\"exad-post-grid-load-btn\">\r\n\t\t\t\t\t\t\t<\/div>\r\n\t\t<\/div>\r\n\r\n\t\t\t<\/div>\n\t\t\t\t<\/div>\n\t\t\t\t\t<\/div>\n\t\t<\/div>\n\t\t\t\t\t<\/div>\n\t\t<\/section>\n\t\t\t\t<\/div>\n\t\t","protected":false},"excerpt":{"rendered":"<p>NYHETER 2024-05-08 Testnyhet 4 Lorem ipsum dolor sit amet, consectetur adipiscing elit, sed do eiusmod tempor incididunt ut labore et dolore magna aliqua. Ut enim ad minim veniam, quis&#8230; 2024-05-05 Testnyhet 3 Lorem ipsum dolor sit amet, consectetur adipiscing elit, sed do eiusmod tempor incididunt ut labore et dolore magna aliqua. Ut enim ad minim [&#8230;]<\/p>\n<p><a class=\"btn btn-secondary understrap-read-more-link\" href=\"https:\/\/powherinitiative.com\/no\/bakgrund-till-powher-initiative\/\">Les mer&#8230;<span class=\"screen-reader-text\"> from Bakgrunn for POWHER-initiativet<\/span><\/a><\/p>\n","protected":false},"author":7,"featured_media":0,"parent":0,"menu_order":0,"comment_status":"closed","ping_status":"open","template":"","meta":{"_acf_changed":false,"inline_featured_image":false,"footnotes":""},"class_list":["post-466","page","type-page","status-publish","hentry"],"acf":[],"_links":{"self":[{"href":"https:\/\/powherinitiative.com\/no\/wp-json\/wp\/v2\/pages\/466","targetHints":{"allow":["GET"]}}],"collection":[{"href":"https:\/\/powherinitiative.com\/no\/wp-json\/wp\/v2\/pages"}],"about":[{"href":"https:\/\/powherinitiative.com\/no\/wp-json\/wp\/v2\/types\/page"}],"author":[{"embeddable":true,"href":"https:\/\/powherinitiative.com\/no\/wp-json\/wp\/v2\/users\/7"}],"replies":[{"embeddable":true,"href":"https:\/\/powherinitiative.com\/no\/wp-json\/wp\/v2\/comments?post=466"}],"version-history":[{"count":2,"href":"https:\/\/powherinitiative.com\/no\/wp-json\/wp\/v2\/pages\/466\/revisions"}],"predecessor-version":[{"id":468,"href":"https:\/\/powherinitiative.com\/no\/wp-json\/wp\/v2\/pages\/466\/revisions\/468"}],"wp:attachment":[{"href":"https:\/\/powherinitiative.com\/no\/wp-json\/wp\/v2\/media?parent=466"}],"curies":[{"name":"wp","href":"https:\/\/api.w.org\/{rel}","templated":true}]}}